{"id":6174,"date":"2018-01-22T10:29:29","date_gmt":"2018-01-22T10:29:29","guid":{"rendered":"https:\/\/keydesign-themes.com\/leadengine\/?page_id=6174"},"modified":"2021-07-16T18:51:49","modified_gmt":"2021-07-16T23:51:49","slug":"about-classic","status":"publish","type":"page","link":"https:\/\/isi.pe\/?page_id=6174","title":{"rendered":"Nosotros"},"content":{"rendered":"<p>[vc_row css=&#8221;.vc_custom_1516628929938{padding-top: 50px !important;padding-bottom: 100px !important;}&#8221;][vc_column]<header class=\"kd-section-title vc_col-lg-6 vc_col-sm-8 text-center    \" ><h2 class=\"separator_off\" >ISI - Instituto de Software<\/h2><h6 class=\"subtitle \" >Somos una instituci\u00f3n acad\u00e9mica que brinda cursos y talleres de alta demanda laboral a estudiantes y profesionales en el rubro de software.<\/h6><\/header>[vc_row_inner css=&#8221;.vc_custom_1516103909934{margin-top: 40px !important;margin-bottom: 60px !important;}&#8221;][vc_column_inner css=&#8221;.vc_custom_1516103868726{padding-right: 0px !important;padding-left: 0px !important;}&#8221;]<div class=\"video-container play-button-center \"><img src=\"https:\/\/www.leadengine-wp.com\/wp-content\/uploads\/sites\/37\/2018\/02\/about-classic4.jpg\"  \/><a data-toggle=\"modal\" data-target=\"#video-modal-kd-video-modal-69d81e61196c6\" data-src=\"https:\/\/player.vimeo.com\/video\/574946655\" data-backdrop=\"true\"><span class=\"play-video\"><span class=\"fas fa-play\"><\/span><\/span><\/a><\/div><div class=\"modal fade video-modal\" id=\"video-modal-kd-video-modal-69d81e61196c6\" role=\"dialog\">\n                            <div class=\"modal-content\">\n                            <div class=\"row\"><iframe width=\"1024\" height=\"576\" webkitallowfullscreen mozallowfullscreen allowfullscreen><\/iframe><\/div>\n                            <\/div>\n                        <\/div>[\/vc_column_inner][\/vc_row_inner][vc_row_inner][vc_column_inner width=&#8221;1\/3&#8243;]<div class=\"key-icon-box icon-default icon-left cont-left\" style=\"background-color: transparent; \" ><i class=\"iconsmind-Gear fa\" style=\" \"><\/i> <h6 class=\"service-heading\" >Nuesta Misi\u00f3n<\/h6><p >Brindar cursos actualizados en el rubro de software para estudiantes y profesionales a nivel nacional.<\/p><\/div>[\/vc_column_inner][vc_column_inner width=&#8221;1\/3&#8243;]<div class=\"key-icon-box icon-default icon-left cont-left\" style=\"background-color: transparent; \" ><i class=\"iconsmind-Director fa\" style=\" \"><\/i> <h6 class=\"service-heading\" >Nuestra Visi\u00f3n<\/h6><p >En el 2031 ISI es una instituci\u00f3n acad\u00e9mica l\u00edder en la ense\u00f1anza superior del rubro de software.<\/p><\/div>[\/vc_column_inner][vc_column_inner width=&#8221;1\/3&#8243;]<div class=\"key-icon-box icon-default icon-left cont-left\" style=\"background-color: transparent; \" ><i class=\"iconsmind-Diamond fa\" style=\" \"><\/i> <h6 class=\"service-heading\" >Valores<\/h6><p >Nuestros principales valores son la responsabilidad, respeto, puntualidad, justicia y confianza.<\/p><\/div>[\/vc_column_inner][\/vc_row_inner][\/vc_column][\/vc_row]<\/p>\n","protected":false},"excerpt":{"rendered":"<p>[vc_row css=&#8221;.vc_custom_1516628929938{padding-top: 50px !important;padding-bottom: 100px !important;}&#8221;][vc_column][vc_row_inner css=&#8221;.vc_custom_1516103909934{margin-top: 40px !important;margin-bottom: 60px !important;}&#8221;][vc_column_inner css=&#8221;.vc_custom_1516103868726{padding-right: 0px !important;padding-left: 0px !important;}&#8221;][\/vc_column_inner][\/vc_row_inner][vc_row_inner][vc_column_inner width=&#8221;1\/3&#8243;][\/vc_column_inner][vc_column_inner width=&#8221;1\/3&#8243;][\/vc_column_inner][vc_column_inner width=&#8221;1\/3&#8243;][\/vc_column_inner][\/vc_row_inner][\/vc_column][\/vc_row]<\/p>\n","protected":false},"author":1,"featured_media":6916,"parent":6172,"menu_order":0,"comment_status":"closed","ping_status":"closed","template":"","meta":[],"_links":{"self":[{"href":"https:\/\/isi.pe\/index.php?rest_route=\/wp\/v2\/pages\/6174"}],"collection":[{"href":"https:\/\/isi.pe\/index.php?rest_route=\/wp\/v2\/pages"}],"about":[{"href":"https:\/\/isi.pe\/index.php?rest_route=\/wp\/v2\/types\/page"}],"author":[{"embeddable":true,"href":"https:\/\/isi.pe\/index.php?rest_route=\/wp\/v2\/users\/1"}],"replies":[{"embeddable":true,"href":"https:\/\/isi.pe\/index.php?rest_route=%2Fwp%2Fv2%2Fcomments&post=6174"}],"version-history":[{"count":5,"href":"https:\/\/isi.pe\/index.php?rest_route=\/wp\/v2\/pages\/6174\/revisions"}],"predecessor-version":[{"id":6603,"href":"https:\/\/isi.pe\/index.php?rest_route=\/wp\/v2\/pages\/6174\/revisions\/6603"}],"up":[{"embeddable":true,"href":"https:\/\/isi.pe\/index.php?rest_route=\/wp\/v2\/pages\/6172"}],"wp:featuredmedia":[{"embeddable":true,"href":"https:\/\/isi.pe\/index.php?rest_route=\/wp\/v2\/media\/6916"}],"wp:attachment":[{"href":"https:\/\/isi.pe\/index.php?rest_route=%2Fwp%2Fv2%2Fmedia&parent=6174"}],"curies":[{"name":"wp","href":"https:\/\/api.w.org\/{rel}","templated":true}]}}